{"id":123,"date":"2023-09-25T23:52:40","date_gmt":"2023-09-25T21:52:40","guid":{"rendered":"https:\/\/amelonera.org\/?page_id=123"},"modified":"2024-01-10T20:18:50","modified_gmt":"2024-01-10T19:18:50","slug":"nos-ayudas","status":"publish","type":"page","link":"https:\/\/amelonera.org\/ara\/nos-ayudas\/","title":{"rendered":"\u00bfNos aduyas?"},"content":{"rendered":"<p><strong>El Centro Social Autogestionado A Melonera ya ha echado a andar!<\/strong><\/p>\n<p>Estamos muy contentas de la acogida que hemos tenido durante la semana de puertas abiertas en la que se han visto algunas pinceladas de lo que A Melonera pretende ser. Un lugar de encuentro, cr\u00edtico y comprometido. Tenemos un precioso local y un gran camino por delante. Pero tambi\u00e9n muchos gastos que afrontar. De momento sufragado con ilusi\u00f3n y compromiso por las que le estamos dando forma a un espacio que se ha so\u00f1ado en colectivo. Aunque no es poco el material reciclado y fabricado por nosotras mismas, son muchos los gastos que tenemos que afrontar para garantizar un margen de seguridad que nos permita afianzar este proyecto comunitario. Por eso lanzamos la campa\u00f1a de apoyo monetario y de regalo. \u00bfNos ayudas a hacerlo realidad? Vamooossss!<\/p>\n<p style=\"text-align: center;\">Estos son los gastos que hemos previsto y para los que ir\u00e1n destinadas las donaciones del crowdfunding:<\/p>\n<div class=\"su-image-carousel  su-image-carousel-has-spacing su-image-carousel-has-lightbox su-image-carousel-has-outline su-image-carousel-adaptive su-image-carousel-slides-style-minimal su-image-carousel-controls-style-dark su-image-carousel-align-none\" style=\"max-width:50%\" data-flickity-options='{\"groupCells\":true,\"cellSelector\":\".su-image-carousel-item\",\"adaptiveHeight\":true,\"cellAlign\":\"left\",\"prevNextButtons\":true,\"pageDots\":true,\"autoPlay\":3000,\"imagesLoaded\":true,\"contain\":false,\"selectedAttraction\":0.025,\"friction\":0.28}' id=\"su_image_carousel_69e35808b987c\"><div class=\"su-image-carousel-item\"><div class=\"su-image-carousel-item-content\"><a href=\"https:\/\/amelonera.org\/wp-content\/uploads\/2023\/12\/photo_2023-12-06_21-34-32.jpg\" target=\"_blank\" rel=\"noopener noreferrer\" data-caption=\"\"><img loading=\"lazy\" decoding=\"async\" width=\"935\" height=\"935\" src=\"https:\/\/amelonera.org\/wp-content\/uploads\/2023\/12\/photo_2023-12-06_21-34-32-1024x1024.jpg\" class=\"\" alt=\"\" srcset=\"https:\/\/amelonera.org\/wp-content\/uploads\/2023\/12\/photo_2023-12-06_21-34-32-1024x1024.jpg 1024w, https:\/\/amelonera.org\/wp-content\/uploads\/2023\/12\/photo_2023-12-06_21-34-32-300x300.jpg 300w, https:\/\/amelonera.org\/wp-content\/uploads\/2023\/12\/photo_2023-12-06_21-34-32-150x150.jpg 150w, https:\/\/amelonera.org\/wp-content\/uploads\/2023\/12\/photo_2023-12-06_21-34-32-768x768.jpg 768w, https:\/\/amelonera.org\/wp-content\/uploads\/2023\/12\/photo_2023-12-06_21-34-32-1536x1536.jpg 1536w, https:\/\/amelonera.org\/wp-content\/uploads\/2023\/12\/photo_2023-12-06_21-34-32-2048x2048.jpg 2048w\" sizes=\"auto, (max-width: 935px) 100vw, 935px\" \/><\/a><\/div><\/div><div class=\"su-image-carousel-item\"><div class=\"su-image-carousel-item-content\"><a href=\"https:\/\/amelonera.org\/wp-content\/uploads\/2023\/12\/photo_2023-12-06_21-34-33.jpg\" target=\"_blank\" rel=\"noopener noreferrer\" data-caption=\"\"><img loading=\"lazy\" decoding=\"async\" width=\"935\" height=\"935\" src=\"https:\/\/amelonera.org\/wp-content\/uploads\/2023\/12\/photo_2023-12-06_21-34-33-1024x1024.jpg\" class=\"\" alt=\"\" srcset=\"https:\/\/amelonera.org\/wp-content\/uploads\/2023\/12\/photo_2023-12-06_21-34-33-1024x1024.jpg 1024w, https:\/\/amelonera.org\/wp-content\/uploads\/2023\/12\/photo_2023-12-06_21-34-33-300x300.jpg 300w, https:\/\/amelonera.org\/wp-content\/uploads\/2023\/12\/photo_2023-12-06_21-34-33-150x150.jpg 150w, https:\/\/amelonera.org\/wp-content\/uploads\/2023\/12\/photo_2023-12-06_21-34-33-768x768.jpg 768w, https:\/\/amelonera.org\/wp-content\/uploads\/2023\/12\/photo_2023-12-06_21-34-33-1536x1536.jpg 1536w, https:\/\/amelonera.org\/wp-content\/uploads\/2023\/12\/photo_2023-12-06_21-34-33-2048x2048.jpg 2048w\" sizes=\"auto, (max-width: 935px) 100vw, 935px\" \/><\/a><\/div><\/div><div class=\"su-image-carousel-item\"><div class=\"su-image-carousel-item-content\"><a href=\"https:\/\/amelonera.org\/wp-content\/uploads\/2023\/12\/photo_2023-12-06_21-34-34.jpg\" target=\"_blank\" rel=\"noopener noreferrer\" data-caption=\"\"><img loading=\"lazy\" decoding=\"async\" width=\"935\" height=\"935\" src=\"https:\/\/amelonera.org\/wp-content\/uploads\/2023\/12\/photo_2023-12-06_21-34-34-1024x1024.jpg\" class=\"\" alt=\"\" srcset=\"https:\/\/amelonera.org\/wp-content\/uploads\/2023\/12\/photo_2023-12-06_21-34-34-1024x1024.jpg 1024w, https:\/\/amelonera.org\/wp-content\/uploads\/2023\/12\/photo_2023-12-06_21-34-34-300x300.jpg 300w, https:\/\/amelonera.org\/wp-content\/uploads\/2023\/12\/photo_2023-12-06_21-34-34-150x150.jpg 150w, https:\/\/amelonera.org\/wp-content\/uploads\/2023\/12\/photo_2023-12-06_21-34-34-768x768.jpg 768w, https:\/\/amelonera.org\/wp-content\/uploads\/2023\/12\/photo_2023-12-06_21-34-34-1536x1536.jpg 1536w, https:\/\/amelonera.org\/wp-content\/uploads\/2023\/12\/photo_2023-12-06_21-34-34-2048x2048.jpg 2048w\" sizes=\"auto, (max-width: 935px) 100vw, 935px\" \/><\/a><\/div><\/div><div class=\"su-image-carousel-item\"><div class=\"su-image-carousel-item-content\"><a href=\"https:\/\/amelonera.org\/wp-content\/uploads\/2023\/12\/photo_2023-12-06_21-34-54.jpg\" target=\"_blank\" rel=\"noopener noreferrer\" data-caption=\"\"><img loading=\"lazy\" decoding=\"async\" width=\"935\" height=\"935\" src=\"https:\/\/amelonera.org\/wp-content\/uploads\/2023\/12\/photo_2023-12-06_21-34-54-1024x1024.jpg\" class=\"\" alt=\"\" srcset=\"https:\/\/amelonera.org\/wp-content\/uploads\/2023\/12\/photo_2023-12-06_21-34-54-1024x1024.jpg 1024w, https:\/\/amelonera.org\/wp-content\/uploads\/2023\/12\/photo_2023-12-06_21-34-54-300x300.jpg 300w, https:\/\/amelonera.org\/wp-content\/uploads\/2023\/12\/photo_2023-12-06_21-34-54-150x150.jpg 150w, https:\/\/amelonera.org\/wp-content\/uploads\/2023\/12\/photo_2023-12-06_21-34-54-768x768.jpg 768w, https:\/\/amelonera.org\/wp-content\/uploads\/2023\/12\/photo_2023-12-06_21-34-54-1536x1536.jpg 1536w, https:\/\/amelonera.org\/wp-content\/uploads\/2023\/12\/photo_2023-12-06_21-34-54-2048x2048.jpg 2048w\" sizes=\"auto, (max-width: 935px) 100vw, 935px\" \/><\/a><\/div><\/div><div class=\"su-image-carousel-item\"><div class=\"su-image-carousel-item-content\"><a href=\"https:\/\/amelonera.org\/wp-content\/uploads\/2023\/12\/photo_2023-12-06_21-34-56.jpg\" target=\"_blank\" rel=\"noopener noreferrer\" data-caption=\"\"><img loading=\"lazy\" decoding=\"async\" width=\"935\" height=\"935\" src=\"https:\/\/amelonera.org\/wp-content\/uploads\/2023\/12\/photo_2023-12-06_21-34-56-1024x1024.jpg\" class=\"\" alt=\"\" srcset=\"https:\/\/amelonera.org\/wp-content\/uploads\/2023\/12\/photo_2023-12-06_21-34-56-1024x1024.jpg 1024w, https:\/\/amelonera.org\/wp-content\/uploads\/2023\/12\/photo_2023-12-06_21-34-56-300x300.jpg 300w, https:\/\/amelonera.org\/wp-content\/uploads\/2023\/12\/photo_2023-12-06_21-34-56-150x150.jpg 150w, https:\/\/amelonera.org\/wp-content\/uploads\/2023\/12\/photo_2023-12-06_21-34-56-768x768.jpg 768w, https:\/\/amelonera.org\/wp-content\/uploads\/2023\/12\/photo_2023-12-06_21-34-56-1536x1536.jpg 1536w, https:\/\/amelonera.org\/wp-content\/uploads\/2023\/12\/photo_2023-12-06_21-34-56-2048x2048.jpg 2048w\" sizes=\"auto, (max-width: 935px) 100vw, 935px\" \/><\/a><\/div><\/div><div class=\"su-image-carousel-item\"><div class=\"su-image-carousel-item-content\"><a href=\"https:\/\/amelonera.org\/wp-content\/uploads\/2023\/12\/photo_2023-12-06_21-34-57.jpg\" target=\"_blank\" rel=\"noopener noreferrer\" data-caption=\"\"><img loading=\"lazy\" decoding=\"async\" width=\"935\" height=\"935\" src=\"https:\/\/amelonera.org\/wp-content\/uploads\/2023\/12\/photo_2023-12-06_21-34-57-1024x1024.jpg\" class=\"\" alt=\"\" srcset=\"https:\/\/amelonera.org\/wp-content\/uploads\/2023\/12\/photo_2023-12-06_21-34-57-1024x1024.jpg 1024w, https:\/\/amelonera.org\/wp-content\/uploads\/2023\/12\/photo_2023-12-06_21-34-57-300x300.jpg 300w, https:\/\/amelonera.org\/wp-content\/uploads\/2023\/12\/photo_2023-12-06_21-34-57-150x150.jpg 150w, https:\/\/amelonera.org\/wp-content\/uploads\/2023\/12\/photo_2023-12-06_21-34-57-768x768.jpg 768w, https:\/\/amelonera.org\/wp-content\/uploads\/2023\/12\/photo_2023-12-06_21-34-57-1536x1536.jpg 1536w, https:\/\/amelonera.org\/wp-content\/uploads\/2023\/12\/photo_2023-12-06_21-34-57-2048x2048.jpg 2048w\" sizes=\"auto, (max-width: 935px) 100vw, 935px\" \/><\/a><\/div><\/div><div class=\"su-image-carousel-item\"><div class=\"su-image-carousel-item-content\"><a href=\"https:\/\/amelonera.org\/wp-content\/uploads\/2023\/12\/photo_2023-12-06_21-34-58.jpg\" target=\"_blank\" rel=\"noopener noreferrer\" data-caption=\"\"><img loading=\"lazy\" decoding=\"async\" width=\"935\" height=\"935\" src=\"https:\/\/amelonera.org\/wp-content\/uploads\/2023\/12\/photo_2023-12-06_21-34-58-1024x1024.jpg\" class=\"\" alt=\"\" srcset=\"https:\/\/amelonera.org\/wp-content\/uploads\/2023\/12\/photo_2023-12-06_21-34-58-1024x1024.jpg 1024w, https:\/\/amelonera.org\/wp-content\/uploads\/2023\/12\/photo_2023-12-06_21-34-58-300x300.jpg 300w, https:\/\/amelonera.org\/wp-content\/uploads\/2023\/12\/photo_2023-12-06_21-34-58-150x150.jpg 150w, https:\/\/amelonera.org\/wp-content\/uploads\/2023\/12\/photo_2023-12-06_21-34-58-768x768.jpg 768w, https:\/\/amelonera.org\/wp-content\/uploads\/2023\/12\/photo_2023-12-06_21-34-58-1536x1536.jpg 1536w, https:\/\/amelonera.org\/wp-content\/uploads\/2023\/12\/photo_2023-12-06_21-34-58-2048x2048.jpg 2048w\" sizes=\"auto, (max-width: 935px) 100vw, 935px\" \/><\/a><\/div><\/div><div class=\"su-image-carousel-item\"><div class=\"su-image-carousel-item-content\"><a href=\"https:\/\/amelonera.org\/wp-content\/uploads\/2023\/12\/photo_2023-12-06_21-34-59.jpg\" target=\"_blank\" rel=\"noopener noreferrer\" data-caption=\"\"><img loading=\"lazy\" decoding=\"async\" width=\"935\" height=\"935\" src=\"https:\/\/amelonera.org\/wp-content\/uploads\/2023\/12\/photo_2023-12-06_21-34-59-1024x1024.jpg\" class=\"\" alt=\"\" srcset=\"https:\/\/amelonera.org\/wp-content\/uploads\/2023\/12\/photo_2023-12-06_21-34-59-1024x1024.jpg 1024w, https:\/\/amelonera.org\/wp-content\/uploads\/2023\/12\/photo_2023-12-06_21-34-59-300x300.jpg 300w, https:\/\/amelonera.org\/wp-content\/uploads\/2023\/12\/photo_2023-12-06_21-34-59-150x150.jpg 150w, https:\/\/amelonera.org\/wp-content\/uploads\/2023\/12\/photo_2023-12-06_21-34-59-768x768.jpg 768w, https:\/\/amelonera.org\/wp-content\/uploads\/2023\/12\/photo_2023-12-06_21-34-59-1536x1536.jpg 1536w, https:\/\/amelonera.org\/wp-content\/uploads\/2023\/12\/photo_2023-12-06_21-34-59-2048x2048.jpg 2048w\" sizes=\"auto, (max-width: 935px) 100vw, 935px\" \/><\/a><\/div><\/div><\/div><script id=\"su_image_carousel_69e35808b987c_script\">if(window.SUImageCarousel){setTimeout(function() {window.SUImageCarousel.initGallery(document.getElementById(\"su_image_carousel_69e35808b987c\"))}, 0);}var su_image_carousel_69e35808b987c_script=document.getElementById(\"su_image_carousel_69e35808b987c_script\");if(su_image_carousel_69e35808b987c_script){su_image_carousel_69e35808b987c_script.parentNode.removeChild(su_image_carousel_69e35808b987c_script);}<\/script>\n<p>&nbsp;<\/p>\n<p>Con tu donaci\u00f3n recibir\u00e1s un n\u00famero para la rifa de productos que tendr\u00e1 lugar el d\u00eda 5 de Enero en A Melonera adem\u00e1s de una l\u00e1mina-postal sobre la autogesti\u00f3n.<\/p>\n[give_form id=\u00bb330&#8243;]\n<div><\/div>\n<div>Aqu\u00ed el sorteo de los premios:<\/div>\n<p><iframe loading=\"lazy\" src=\"https:\/\/archive.org\/embed\/rifa-largo\" width=\"640\" height=\"480\" frameborder=\"0\" allowfullscreen=\"allowfullscreen\"><\/iframe><\/p>\n<div><\/div>\n<div><div class=\"su-image-carousel  su-image-carousel-has-spacing su-image-carousel-has-lightbox su-image-carousel-has-outline su-image-carousel-adaptive su-image-carousel-slides-style-minimal su-image-carousel-controls-style-dark su-image-carousel-align-none\" style=\"max-width:50%\" data-flickity-options='{\"groupCells\":true,\"cellSelector\":\".su-image-carousel-item\",\"adaptiveHeight\":true,\"cellAlign\":\"left\",\"prevNextButtons\":true,\"pageDots\":true,\"autoPlay\":4000,\"imagesLoaded\":true,\"contain\":false,\"selectedAttraction\":0.025,\"friction\":0.28}' id=\"su_image_carousel_69e35808ba230\"><div class=\"su-image-carousel-item\"><div class=\"su-image-carousel-item-content\"><a href=\"https:\/\/amelonera.org\/wp-content\/uploads\/2023\/12\/photo_2023-12-10_14-26-57.jpg\" target=\"_blank\" rel=\"noopener noreferrer\" data-caption=\"\"><img loading=\"lazy\" decoding=\"async\" width=\"935\" height=\"935\" src=\"https:\/\/amelonera.org\/wp-content\/uploads\/2023\/12\/photo_2023-12-10_14-26-57-1024x1024.jpg\" class=\"\" alt=\"\" srcset=\"https:\/\/amelonera.org\/wp-content\/uploads\/2023\/12\/photo_2023-12-10_14-26-57-1024x1024.jpg 1024w, https:\/\/amelonera.org\/wp-content\/uploads\/2023\/12\/photo_2023-12-10_14-26-57-300x300.jpg 300w, https:\/\/amelonera.org\/wp-content\/uploads\/2023\/12\/photo_2023-12-10_14-26-57-150x150.jpg 150w, https:\/\/amelonera.org\/wp-content\/uploads\/2023\/12\/photo_2023-12-10_14-26-57-768x768.jpg 768w, https:\/\/amelonera.org\/wp-content\/uploads\/2023\/12\/photo_2023-12-10_14-26-57-1536x1536.jpg 1536w, https:\/\/amelonera.org\/wp-content\/uploads\/2023\/12\/photo_2023-12-10_14-26-57-2048x2048.jpg 2048w\" sizes=\"auto, (max-width: 935px) 100vw, 935px\" \/><\/a><\/div><\/div><div class=\"su-image-carousel-item\"><div class=\"su-image-carousel-item-content\"><a href=\"https:\/\/amelonera.org\/wp-content\/uploads\/2023\/12\/photo_2023-12-10_14-26-58.jpg\" target=\"_blank\" rel=\"noopener noreferrer\" data-caption=\"\"><img loading=\"lazy\" decoding=\"async\" width=\"935\" height=\"935\" src=\"https:\/\/amelonera.org\/wp-content\/uploads\/2023\/12\/photo_2023-12-10_14-26-58-1024x1024.jpg\" class=\"\" alt=\"\" srcset=\"https:\/\/amelonera.org\/wp-content\/uploads\/2023\/12\/photo_2023-12-10_14-26-58-1024x1024.jpg 1024w, https:\/\/amelonera.org\/wp-content\/uploads\/2023\/12\/photo_2023-12-10_14-26-58-300x300.jpg 300w, https:\/\/amelonera.org\/wp-content\/uploads\/2023\/12\/photo_2023-12-10_14-26-58-150x150.jpg 150w, https:\/\/amelonera.org\/wp-content\/uploads\/2023\/12\/photo_2023-12-10_14-26-58-768x768.jpg 768w, https:\/\/amelonera.org\/wp-content\/uploads\/2023\/12\/photo_2023-12-10_14-26-58-1536x1536.jpg 1536w, https:\/\/amelonera.org\/wp-content\/uploads\/2023\/12\/photo_2023-12-10_14-26-58-2048x2048.jpg 2048w\" sizes=\"auto, (max-width: 935px) 100vw, 935px\" \/><\/a><\/div><\/div><div class=\"su-image-carousel-item\"><div class=\"su-image-carousel-item-content\"><a href=\"https:\/\/amelonera.org\/wp-content\/uploads\/2023\/12\/photo_2023-12-10_14-26-59.jpg\" target=\"_blank\" rel=\"noopener noreferrer\" data-caption=\"\"><img loading=\"lazy\" decoding=\"async\" width=\"935\" height=\"935\" src=\"https:\/\/amelonera.org\/wp-content\/uploads\/2023\/12\/photo_2023-12-10_14-26-59-1024x1024.jpg\" class=\"\" alt=\"\" srcset=\"https:\/\/amelonera.org\/wp-content\/uploads\/2023\/12\/photo_2023-12-10_14-26-59-1024x1024.jpg 1024w, https:\/\/amelonera.org\/wp-content\/uploads\/2023\/12\/photo_2023-12-10_14-26-59-300x300.jpg 300w, https:\/\/amelonera.org\/wp-content\/uploads\/2023\/12\/photo_2023-12-10_14-26-59-150x150.jpg 150w, https:\/\/amelonera.org\/wp-content\/uploads\/2023\/12\/photo_2023-12-10_14-26-59-768x768.jpg 768w, https:\/\/amelonera.org\/wp-content\/uploads\/2023\/12\/photo_2023-12-10_14-26-59-1536x1536.jpg 1536w, https:\/\/amelonera.org\/wp-content\/uploads\/2023\/12\/photo_2023-12-10_14-26-59-2048x2048.jpg 2048w\" sizes=\"auto, (max-width: 935px) 100vw, 935px\" \/><\/a><\/div><\/div><div class=\"su-image-carousel-item\"><div class=\"su-image-carousel-item-content\"><a href=\"https:\/\/amelonera.org\/wp-content\/uploads\/2023\/12\/photo_2023-12-10_14-26-59-2.jpg\" target=\"_blank\" rel=\"noopener noreferrer\" data-caption=\"\"><img loading=\"lazy\" decoding=\"async\" width=\"935\" height=\"935\" src=\"https:\/\/amelonera.org\/wp-content\/uploads\/2023\/12\/photo_2023-12-10_14-26-59-2-1024x1024.jpg\" class=\"\" alt=\"\" srcset=\"https:\/\/amelonera.org\/wp-content\/uploads\/2023\/12\/photo_2023-12-10_14-26-59-2-1024x1024.jpg 1024w, https:\/\/amelonera.org\/wp-content\/uploads\/2023\/12\/photo_2023-12-10_14-26-59-2-300x300.jpg 300w, https:\/\/amelonera.org\/wp-content\/uploads\/2023\/12\/photo_2023-12-10_14-26-59-2-150x150.jpg 150w, https:\/\/amelonera.org\/wp-content\/uploads\/2023\/12\/photo_2023-12-10_14-26-59-2-768x768.jpg 768w, https:\/\/amelonera.org\/wp-content\/uploads\/2023\/12\/photo_2023-12-10_14-26-59-2-1536x1536.jpg 1536w, https:\/\/amelonera.org\/wp-content\/uploads\/2023\/12\/photo_2023-12-10_14-26-59-2-2048x2048.jpg 2048w\" sizes=\"auto, (max-width: 935px) 100vw, 935px\" \/><\/a><\/div><\/div><div class=\"su-image-carousel-item\"><div class=\"su-image-carousel-item-content\"><a href=\"https:\/\/amelonera.org\/wp-content\/uploads\/2023\/12\/photo_2023-12-10_14-27-00.jpg\" target=\"_blank\" rel=\"noopener noreferrer\" data-caption=\"\"><img loading=\"lazy\" decoding=\"async\" width=\"935\" height=\"935\" src=\"https:\/\/amelonera.org\/wp-content\/uploads\/2023\/12\/photo_2023-12-10_14-27-00-1024x1024.jpg\" class=\"\" alt=\"\" srcset=\"https:\/\/amelonera.org\/wp-content\/uploads\/2023\/12\/photo_2023-12-10_14-27-00-1024x1024.jpg 1024w, https:\/\/amelonera.org\/wp-content\/uploads\/2023\/12\/photo_2023-12-10_14-27-00-300x300.jpg 300w, https:\/\/amelonera.org\/wp-content\/uploads\/2023\/12\/photo_2023-12-10_14-27-00-150x150.jpg 150w, https:\/\/amelonera.org\/wp-content\/uploads\/2023\/12\/photo_2023-12-10_14-27-00-768x768.jpg 768w, https:\/\/amelonera.org\/wp-content\/uploads\/2023\/12\/photo_2023-12-10_14-27-00-1536x1536.jpg 1536w, https:\/\/amelonera.org\/wp-content\/uploads\/2023\/12\/photo_2023-12-10_14-27-00-2048x2048.jpg 2048w\" sizes=\"auto, (max-width: 935px) 100vw, 935px\" \/><\/a><\/div><\/div><\/div><script id=\"su_image_carousel_69e35808ba230_script\">if(window.SUImageCarousel){setTimeout(function() {window.SUImageCarousel.initGallery(document.getElementById(\"su_image_carousel_69e35808ba230\"))}, 0);}var su_image_carousel_69e35808ba230_script=document.getElementById(\"su_image_carousel_69e35808ba230_script\");if(su_image_carousel_69e35808ba230_script){su_image_carousel_69e35808ba230_script.parentNode.removeChild(su_image_carousel_69e35808ba230_script);}<\/script><\/div>\n<div><\/div>\n","protected":false},"excerpt":{"rendered":"<p>El Centro Social Autogestionado A Melonera ya ha echado a andar! Estamos muy contentas de la acogida que hemos tenido durante la semana de puertas &hellip;<\/p>","protected":false},"author":1,"featured_media":167,"parent":0,"menu_order":0,"comment_status":"closed","ping_status":"closed","template":"","meta":{"footnotes":""},"class_list":["post-123","page","type-page","status-publish","has-post-thumbnail","hentry"],"_links":{"self":[{"href":"https:\/\/amelonera.org\/ara\/wp-json\/wp\/v2\/pages\/123","targetHints":{"allow":["GET"]}}],"collection":[{"href":"https:\/\/amelonera.org\/ara\/wp-json\/wp\/v2\/pages"}],"about":[{"href":"https:\/\/amelonera.org\/ara\/wp-json\/wp\/v2\/types\/page"}],"author":[{"embeddable":true,"href":"https:\/\/amelonera.org\/ara\/wp-json\/wp\/v2\/users\/1"}],"replies":[{"embeddable":true,"href":"https:\/\/amelonera.org\/ara\/wp-json\/wp\/v2\/comments?post=123"}],"version-history":[{"count":23,"href":"https:\/\/amelonera.org\/ara\/wp-json\/wp\/v2\/pages\/123\/revisions"}],"predecessor-version":[{"id":668,"href":"https:\/\/amelonera.org\/ara\/wp-json\/wp\/v2\/pages\/123\/revisions\/668"}],"wp:featuredmedia":[{"embeddable":true,"href":"https:\/\/amelonera.org\/ara\/wp-json\/wp\/v2\/media\/167"}],"wp:attachment":[{"href":"https:\/\/amelonera.org\/ara\/wp-json\/wp\/v2\/media?parent=123"}],"curies":[{"name":"wp","href":"https:\/\/api.w.org\/{rel}","templated":true}]}}