{"id":182,"date":"2023-10-04T00:38:17","date_gmt":"2023-10-03T22:38:17","guid":{"rendered":"https:\/\/amelonera.org\/?page_id=182"},"modified":"2024-11-07T18:57:57","modified_gmt":"2024-11-07T17:57:57","slug":"como-funcionamos","status":"publish","type":"page","link":"https:\/\/amelonera.org\/ara\/como-funcionamos\/","title":{"rendered":"\u00bfC\u00f3mo funcionamos?"},"content":{"rendered":"<p><span class=\"\">A Melonera es un Centro Social Autogestionado, <strong>nos organizamos de manera horizontal, asamblearia y por consenso<\/strong>. Hay diferentes formas de participar en el espacio, a trav\u00e9s de:\u00a0<\/span> <div class=\"su-box su-box-style-default\" id=\"\" style=\"border-color:#529334de;border-radius:3px;\"><div class=\"su-box-title\" style=\"background-color:#529334de;color:#FFFFFF;border-top-left-radius:1px;border-top-right-radius:1px\">Organizaci\u00f3n<\/div><div class=\"su-box-content su-u-clearfix su-u-trim\" style=\"border-bottom-left-radius:1px;border-bottom-right-radius:1px\">\r\n<!-- \/wp:post-content -->\r\n\r\n<!-- wp:paragraph -->\r\n<p>&#8211; La <strong>Masa Mai,<\/strong>, <span class=\"\">Es la asamblea organizativa y se re\u00fane una vez al mes, el tercer martes de cada mes a las 18h. En ella se juntan las personas de los colectivos, de los grupos de trabajo y personalidades individuales. Es decir, es una asamblea abierta a todo el mundo que quiera participar de ella en la que se ponen en com\u00fan, se coordinan y se organizan todos los proyectos que conforman A Melonera.\u00a0<\/span><\/p>\r\n<!-- \/wp:paragraph -->\r\n\r\n<!-- wp:paragraph -->\r\n<p>&#8211; <strong>Grupos de Treballo<\/strong>. <span class=\"\">Son grupos dedicados a las tareas espec\u00edficas de Cuidados, Econom\u00eda, Comunicaci\u00f3n y calendarizaci\u00f3n (Qu\u00e9 Pasa Pues), infraestructura y Kafeta. Estos grupos se re\u00fanen de forma aut\u00f3noma y son a trav\u00e9s de los cuales se le da forma al CSA, atiende a las necesidades del espacio y las personas que participan de \u00e9l.\u00a0<\/span><\/p>\r\n<!-- \/wp:paragraph -->\r\n\r\n<!-- wp:paragraph -->\r\n<p>&#8211; <span class=\"\"><strong>Colectivos.<\/strong> Son los grupos de personas que realizan actividades concretas, o se juntan para cubrir alguna necesidad social de forma m\u00e1s o menos peri\u00f3dica. Si te interesa formar parte de alguno de los colectivos lo mejor es que te acerques a una actividad propia de ese colectivo, que escribas un mail a csaamelonera@riseup.net, o nos mandes una carta indicando tu inter\u00e9s. Tambi\u00e9n puedes preguntar a las vecinas y vecinos, seguro que alguien conoce a alguien que te acerca al espacio.<\/span><\/p>\r\n<!-- \/wp:paragraph -->\r\n\r\n<!-- wp:paragraph -->\r\n<\/div><\/div>\r\n<p><span class=\"b\">Tratamos de cuidar y acompa\u00f1ar la incorporaci\u00f3n de las personas que se acercan de nuevas a todos los espacios de trabajo y de toma de decisiones, as\u00ed como a las actividades dedic\u00e1ndole especial atenci\u00f3n a c\u00f3mo es la estructura y los c\u00f3digos de comunicaci\u00f3n as\u00ed como las tareas, roles y responsabilidades que cada quien asume.\u00a0<\/span><\/p>\r\n<p><strong>C\u00f3mo se dentra a formar parte de ros Grupos de Treballo u de ra Masa Mai<\/strong> La gente nueva que se acerque al CSA A Melonera y quiera implicarse en su funcionamiento tendr\u00e1 que pasar un tiempo de acompa\u00f1amiento para aprender e involucrarse en las formas de organizaci\u00f3n, cuidados, comunicaci\u00f3n y valores y fines del Centro. Para pasar a formar parte de alguno de los diferentes Grupos de Trabajo el primer paso es comunicarlo a trav\u00e9s de la Asamblea\u00a0 y hacer una propuesta de a qu\u00e9 GT seg\u00fan necesidad de los mismos o por afinidad de lo que se trabaja en cada uno de la persona que se une al espacio. En ese momento se entrar\u00eda en el GT en cuesti\u00f3n de la mano de una persona que ya estar\u00eda dentro de \u00e9l y que har\u00eda la tarea de acompa\u00f1amiento de la persona o personas nuevas a lo largo del siguiente trimestre. Si se quisiera por consiguiente entrar a formar parte de la Masa Madre, la persona o personas en cuesti\u00f3n tendr\u00edan que manifestarlo en la Asamblea abierta trimestral; y pasar un per\u00edodo de adaptaci\u00f3n y acompa\u00f1amiento a trav\u00e9s de un trimestre participando activamente en alguno de los GT del Centro y otros tres meses ya formando parte de la Masa Madre siendo acompa\u00f1ado por las otras del grupo con m\u00e1s experiencia. \u00a0 \u00a0<\/p>","protected":false},"excerpt":{"rendered":"<p>A Melonera es un Centro Social Autogestionado, nos organizamos de manera horizontal, asamblearia y por consenso. Hay diferentes formas de participar en el espacio, a &hellip;<\/p>","protected":false},"author":1,"featured_media":0,"parent":0,"menu_order":0,"comment_status":"closed","ping_status":"closed","template":"","meta":{"footnotes":""},"class_list":["post-182","page","type-page","status-publish","hentry"],"_links":{"self":[{"href":"https:\/\/amelonera.org\/ara\/wp-json\/wp\/v2\/pages\/182","targetHints":{"allow":["GET"]}}],"collection":[{"href":"https:\/\/amelonera.org\/ara\/wp-json\/wp\/v2\/pages"}],"about":[{"href":"https:\/\/amelonera.org\/ara\/wp-json\/wp\/v2\/types\/page"}],"author":[{"embeddable":true,"href":"https:\/\/amelonera.org\/ara\/wp-json\/wp\/v2\/users\/1"}],"replies":[{"embeddable":true,"href":"https:\/\/amelonera.org\/ara\/wp-json\/wp\/v2\/comments?post=182"}],"version-history":[{"count":7,"href":"https:\/\/amelonera.org\/ara\/wp-json\/wp\/v2\/pages\/182\/revisions"}],"predecessor-version":[{"id":1011,"href":"https:\/\/amelonera.org\/ara\/wp-json\/wp\/v2\/pages\/182\/revisions\/1011"}],"wp:attachment":[{"href":"https:\/\/amelonera.org\/ara\/wp-json\/wp\/v2\/media?parent=182"}],"curies":[{"name":"wp","href":"https:\/\/api.w.org\/{rel}","templated":true}]}}