{"id":195,"date":"2023-10-04T01:00:53","date_gmt":"2023-10-03T23:00:53","guid":{"rendered":"https:\/\/amelonera.org\/?page_id=195"},"modified":"2024-11-17T20:13:35","modified_gmt":"2024-11-17T19:13:35","slug":"biblioteca-critica","status":"publish","type":"page","link":"https:\/\/amelonera.org\/ara\/biblioteca-critica\/","title":{"rendered":"Biblioteca Cr\u00edtica"},"content":{"rendered":"<p><img loading=\"lazy\" decoding=\"async\" class=\"wp-image-1022 alignleft\" src=\"https:\/\/amelonera.org\/wp-content\/uploads\/2024\/11\/photo_2024-11-17_19-57-37-1024x768.jpg\" alt=\"\" width=\"412\" height=\"309\" srcset=\"https:\/\/amelonera.org\/wp-content\/uploads\/2024\/11\/photo_2024-11-17_19-57-37-1024x768.jpg 1024w, https:\/\/amelonera.org\/wp-content\/uploads\/2024\/11\/photo_2024-11-17_19-57-37-300x225.jpg 300w, https:\/\/amelonera.org\/wp-content\/uploads\/2024\/11\/photo_2024-11-17_19-57-37-768x576.jpg 768w, https:\/\/amelonera.org\/wp-content\/uploads\/2024\/11\/photo_2024-11-17_19-57-37-16x12.jpg 16w, https:\/\/amelonera.org\/wp-content\/uploads\/2024\/11\/photo_2024-11-17_19-57-37-400x300.jpg 400w, https:\/\/amelonera.org\/wp-content\/uploads\/2024\/11\/photo_2024-11-17_19-57-37.jpg 1280w\" sizes=\"auto, (max-width: 412px) 100vw, 412px\" \/><\/p>\n<p><strong>La biblioteca critica d'A Melonera<\/strong>, naxe con a intenci\u00f3n d'estar un espacio de difusi\u00f3n de pensamiento y do meter am\u00e1n de traza accesible libros, fanzins y revistas que no son f\u00e1cils de trobar en espacios institucionals. Un puesto do se pueda producir o debat, l'analisi y ra reflexi\u00f3n.<\/p>\n<p>Aqu\u00ed trobar\u00e1s libros y textos criticos, transformadors y revolucionarios. Editatos en a suya mayor\u00eda per colectivos y editorials alternativas, que abarcan, dende una perspectiva critica, temas como ra ecoloch\u00eda, pensamiento antiautoritario, econom\u00eda, feminismo, migracions, pedagoch\u00eda, cuentracultura, historia, salut\u2026 Libros que de feto, creyemos necesario que s\u00edan leyitos, pensatos y debatitos per o nuestro entorno mas cercano. Queremos dar-los a conoxer y per ixo fomentaremos grupos de lectura, aculliremos charras y presentacions.<\/p>\n<p>Am\u00e1s, queremos funcionar <strong>tami\u00e9n como librer\u00eda<\/strong>. Beluns de ros libros que son en a biblioteca, son tami\u00e9n disponibles pa ra venda. Es beneficios de ra librer\u00eda van integrament a cubrir es gastos de ro prochecto y mantener ro CSA A Melonera. Garra de ras personas que colaboramos con o suyo mantenimiento cobramos per o treballo que desenvolvemos.<\/p>\n<p>Tiens bel libro que encaxe dentro de ras nuestras valors y fins y quiers <strong>donar-lo a A Melonera<\/strong>? <a href=\"https:\/\/amelonera.org\/ara\/contactar\/\">Mete-te-bi en contacto<\/a> con nusatres que seremos encantates de recibir-lo.<strong>\u00bfU prefieres ceder-lo?<\/strong>Puez amprar-lo <strong>temporalment<\/strong> pa ro suyo uso en a biblioteca y si en bel momento deseyas recuperar-lo puez comunicar-nos-lo y venir a per \u00e9l.<\/p>\n<p>Te fer\u00eda goyo que en a biblioteca b\u2019hese bel libro que no trobas? Comenta-nos-lo pa vier si lo podemos aconseguir.<\/p>\n<h2>Funcionamiento<\/h2>\n<p><strong>Funcionamiento de ra Biblioteca Critica<\/strong><\/p>\n<p>\u2013 Puez leyer es libros, revistas y fanzins de ra biblioteca en A Melonera u levar-te-los ta casa.<br \/>\n\u2013 Pa acceder a l\u2019ampra de libros <strong>ye necesario que s\u00edas socia<\/strong> d'A Melonera y tiengamos es tuyos datos.<br \/>\nTe puez levar <strong>m\u00e1ximo dos libros<\/strong> durant 3 semanas, renovables una vegata per 7 d\u00edas mas.<br \/>\n\u2013 Como se trata d'una biblioteca chicota hemos optato per limitar o tiempo y cantidat d'exemplars que te puez levar, pa asegurar-nos que ros libros se mantienen en movimiento.<\/p>\n<p><strong>Funcionamiento de ra Distri\/Librer\u00eda<\/strong><\/p>\n<p>\u2013 Cualsequier persona puede acceder a ra compra de libros, siempre que s\u00edan disponibles en modalidat de compra y b\u2019haiga stock.<br \/>\n\u2013 Si yes socia d'A Melonera, puez beneficiar-te d'un 5% de desconto.<br \/>\n\u2013 Y si am\u00e1s participas activament en un Grupo de Treballo no tot va a estar currar! Tendr\u00e1s un 15% de desconto en es libros.<br \/>\n\u2013 Si dimpu\u00e9s de leyer un libro, creyes que se va a quedar aparcato en un cancel, puez donar-lo a A Melonera pa que le podamos dar una segunda vida.<br \/>\n\u2013 Es beneficios de ra venda de libros ir\u00e1n destinatos ta financiar o prochecto, emparar o financiamiento d'A Melonera y obtener mas libros. Garra de ras personas que colaboramos con o suyo mantenimiento cobramos per o treballo que desenvolvemos.<\/p>","protected":false},"excerpt":{"rendered":"<p>La biblioteca cr\u00edtica de A Melonera, nace con la intenci\u00f3n de ser un espacio de difusi\u00f3n de pensamiento y donde poner al alcance de manera &hellip;<\/p>","protected":false},"author":1,"featured_media":1022,"parent":0,"menu_order":0,"comment_status":"closed","ping_status":"closed","template":"","meta":{"footnotes":""},"class_list":["post-195","page","type-page","status-publish","has-post-thumbnail","hentry"],"_links":{"self":[{"href":"https:\/\/amelonera.org\/ara\/wp-json\/wp\/v2\/pages\/195","targetHints":{"allow":["GET"]}}],"collection":[{"href":"https:\/\/amelonera.org\/ara\/wp-json\/wp\/v2\/pages"}],"about":[{"href":"https:\/\/amelonera.org\/ara\/wp-json\/wp\/v2\/types\/page"}],"author":[{"embeddable":true,"href":"https:\/\/amelonera.org\/ara\/wp-json\/wp\/v2\/users\/1"}],"replies":[{"embeddable":true,"href":"https:\/\/amelonera.org\/ara\/wp-json\/wp\/v2\/comments?post=195"}],"version-history":[{"count":7,"href":"https:\/\/amelonera.org\/ara\/wp-json\/wp\/v2\/pages\/195\/revisions"}],"predecessor-version":[{"id":1023,"href":"https:\/\/amelonera.org\/ara\/wp-json\/wp\/v2\/pages\/195\/revisions\/1023"}],"wp:featuredmedia":[{"embeddable":true,"href":"https:\/\/amelonera.org\/ara\/wp-json\/wp\/v2\/media\/1022"}],"wp:attachment":[{"href":"https:\/\/amelonera.org\/ara\/wp-json\/wp\/v2\/media?parent=195"}],"curies":[{"name":"wp","href":"https:\/\/api.w.org\/{rel}","templated":true}]}}