{"id":38,"date":"2023-09-21T19:25:20","date_gmt":"2023-09-21T17:25:20","guid":{"rendered":"https:\/\/amelonera.org\/?page_id=38"},"modified":"2023-11-04T20:04:12","modified_gmt":"2023-11-04T19:04:12","slug":"quienes-somos","status":"publish","type":"page","link":"https:\/\/amelonera.org\/ara\/quienes-somos\/","title":{"rendered":"\u00bfQu\u00ed somos?"},"content":{"rendered":"<p>Somos un grupo diverso de personas del Viello Arag\u00f3n con inquietudes similares que hemos decidido juntarnos y poner energ\u00eda en la creaci\u00f3n de este espacio ante la necesidad de unir fuerzas, compartir y conocer a m\u00e1s personas con las que crear esta cultura alternativa con la que so\u00f1amos.<\/p>\r\n\r\n\r\n\r\n<p>Somos un grupo ilusionado, abierto, \u00a1Con muchas ganas de que m\u00e1s gente se una a nosotras para crecer!<\/p>\r\n<p>Puedes saber m\u00e1s sobre nuestros valores y fines <a href=\"https:\/\/amelonera.org\/ara\/valores-y-fines\/\">pinchando aqu\u00ed<\/a>.<\/p>","protected":false},"excerpt":{"rendered":"<p>Somos un grupo diverso de personas del Viello Arag\u00f3n con inquietudes similares que hemos decidido juntarnos y poner energ\u00eda en la creaci\u00f3n de este espacio &hellip;<\/p>","protected":false},"author":1,"featured_media":55,"parent":0,"menu_order":0,"comment_status":"closed","ping_status":"closed","template":"","meta":{"footnotes":""},"class_list":["post-38","page","type-page","status-publish","has-post-thumbnail","hentry"],"_links":{"self":[{"href":"https:\/\/amelonera.org\/ara\/wp-json\/wp\/v2\/pages\/38","targetHints":{"allow":["GET"]}}],"collection":[{"href":"https:\/\/amelonera.org\/ara\/wp-json\/wp\/v2\/pages"}],"about":[{"href":"https:\/\/amelonera.org\/ara\/wp-json\/wp\/v2\/types\/page"}],"author":[{"embeddable":true,"href":"https:\/\/amelonera.org\/ara\/wp-json\/wp\/v2\/users\/1"}],"replies":[{"embeddable":true,"href":"https:\/\/amelonera.org\/ara\/wp-json\/wp\/v2\/comments?post=38"}],"version-history":[{"count":3,"href":"https:\/\/amelonera.org\/ara\/wp-json\/wp\/v2\/pages\/38\/revisions"}],"predecessor-version":[{"id":126,"href":"https:\/\/amelonera.org\/ara\/wp-json\/wp\/v2\/pages\/38\/revisions\/126"}],"wp:featuredmedia":[{"embeddable":true,"href":"https:\/\/amelonera.org\/ara\/wp-json\/wp\/v2\/media\/55"}],"wp:attachment":[{"href":"https:\/\/amelonera.org\/ara\/wp-json\/wp\/v2\/media?parent=38"}],"curies":[{"name":"wp","href":"https:\/\/api.w.org\/{rel}","templated":true}]}}